{"id":936,"date":"2025-09-09T13:48:23","date_gmt":"2025-09-09T10:48:23","guid":{"rendered":"https:\/\/behind-seams.cube.lv\/about-the-project\/"},"modified":"2025-09-09T13:48:23","modified_gmt":"2025-09-09T10:48:23","slug":"about-the-project","status":"publish","type":"page","link":"https:\/\/behindseams.lv\/ru\/about-the-project\/","title":{"rendered":"About the project"},"content":{"rendered":"<section id=\"written-content-block_0dfd23033540bfa8df4ec6dca073b540\" class=\"block written-content\">\n    <div class=\"container\">\n        <div class=\"row\">\n            <div class=\"col-12\">\n                <p class=\"p1\"><span class=\"s1\"><\/p>\n<p><\/span><span class=\"s2\"><b>M\u016bsu misija<\/b> ir iepaz\u012bstin\u0101t viesus ar pils\u0113tas kult\u016brv\u0113sturisko mantojumu, t\u0101s unik\u0101lo arhitekt\u016bru un atmosf\u0113ru,<br \/>\nk\u0101 ar\u012b par\u0101d\u012bt R\u012bgu k\u0101 autentisku un m\u016bsdien\u012bgu modes un dizaina pils\u0113tu.<br \/>\n<\/span><\/p>\n            <\/div>\n        <\/div>\n    <\/div>\n<\/section>\n","protected":false},"excerpt":{"rendered":"","protected":false},"author":2,"featured_media":0,"parent":0,"menu_order":0,"comment_status":"closed","ping_status":"closed","template":"templates\/template-simple-page.php","meta":{"_acf_changed":false,"footnotes":""},"class_list":["post-936","page","type-page","status-publish","hentry"],"acf":[],"yoast_head":"<!-- This site is optimized with the Yoast SEO plugin v25.1 - https:\/\/yoast.com\/wordpress\/plugins\/seo\/ -->\n<title>About the project - Behind Seams<\/title>\n<meta name=\"robots\" content=\"noindex, follow, max-snippet:-1, max-image-preview:large, max-video-preview:-1\" \/>\n<meta property=\"og:locale\" content=\"ru_RU\" \/>\n<meta property=\"og:type\" content=\"article\" \/>\n<meta property=\"og:title\" content=\"About the project - Behind Seams\" \/>\n<meta property=\"og:url\" content=\"https:\/\/behindseams.lv\/ru\/about-the-project\/\" \/>\n<meta property=\"og:site_name\" content=\"Behind Seams\" \/>\n<meta name=\"twitter:card\" content=\"summary_large_image\" \/>\n<script type=\"application\/ld+json\" class=\"yoast-schema-graph\">{\"@context\":\"https:\/\/schema.org\",\"@graph\":[{\"@type\":\"WebPage\",\"@id\":\"https:\/\/behindseams.lv\/ru\/about-the-project\/\",\"url\":\"https:\/\/behindseams.lv\/ru\/about-the-project\/\",\"name\":\"About the project - Behind Seams\",\"isPartOf\":{\"@id\":\"https:\/\/behindseams.lv\/ru\/#website\"},\"datePublished\":\"2025-09-09T10:48:23+00:00\",\"breadcrumb\":{\"@id\":\"https:\/\/behindseams.lv\/ru\/about-the-project\/#breadcrumb\"},\"inLanguage\":\"ru-RU\",\"potentialAction\":[{\"@type\":\"ReadAction\",\"target\":[\"https:\/\/behindseams.lv\/ru\/about-the-project\/\"]}]},{\"@type\":\"BreadcrumbList\",\"@id\":\"https:\/\/behindseams.lv\/ru\/about-the-project\/#breadcrumb\",\"itemListElement\":[{\"@type\":\"ListItem\",\"position\":1,\"name\":\"Home\",\"item\":\"https:\/\/behindseams.lv\/ru\/\"},{\"@type\":\"ListItem\",\"position\":2,\"name\":\"About the project\"}]},{\"@type\":\"WebSite\",\"@id\":\"https:\/\/behindseams.lv\/ru\/#website\",\"url\":\"https:\/\/behindseams.lv\/ru\/\",\"name\":\"Behind Seams\",\"description\":\"\",\"potentialAction\":[{\"@type\":\"SearchAction\",\"target\":{\"@type\":\"EntryPoint\",\"urlTemplate\":\"https:\/\/behindseams.lv\/ru\/?s={search_term_string}\"},\"query-input\":{\"@type\":\"PropertyValueSpecification\",\"valueRequired\":true,\"valueName\":\"search_term_string\"}}],\"inLanguage\":\"ru-RU\"}]}<\/script>\n<!-- \/ Yoast SEO plugin. -->","yoast_head_json":{"title":"About the project - Behind Seams","robots":{"index":"noindex","follow":"follow","max-snippet":"max-snippet:-1","max-image-preview":"max-image-preview:large","max-video-preview":"max-video-preview:-1"},"og_locale":"ru_RU","og_type":"article","og_title":"About the project - Behind Seams","og_url":"https:\/\/behindseams.lv\/ru\/about-the-project\/","og_site_name":"Behind Seams","twitter_card":"summary_large_image","schema":{"@context":"https:\/\/schema.org","@graph":[{"@type":"WebPage","@id":"https:\/\/behindseams.lv\/ru\/about-the-project\/","url":"https:\/\/behindseams.lv\/ru\/about-the-project\/","name":"About the project - Behind Seams","isPartOf":{"@id":"https:\/\/behindseams.lv\/ru\/#website"},"datePublished":"2025-09-09T10:48:23+00:00","breadcrumb":{"@id":"https:\/\/behindseams.lv\/ru\/about-the-project\/#breadcrumb"},"inLanguage":"ru-RU","potentialAction":[{"@type":"ReadAction","target":["https:\/\/behindseams.lv\/ru\/about-the-project\/"]}]},{"@type":"BreadcrumbList","@id":"https:\/\/behindseams.lv\/ru\/about-the-project\/#breadcrumb","itemListElement":[{"@type":"ListItem","position":1,"name":"Home","item":"https:\/\/behindseams.lv\/ru\/"},{"@type":"ListItem","position":2,"name":"About the project"}]},{"@type":"WebSite","@id":"https:\/\/behindseams.lv\/ru\/#website","url":"https:\/\/behindseams.lv\/ru\/","name":"Behind Seams","description":"","potentialAction":[{"@type":"SearchAction","target":{"@type":"EntryPoint","urlTemplate":"https:\/\/behindseams.lv\/ru\/?s={search_term_string}"},"query-input":{"@type":"PropertyValueSpecification","valueRequired":true,"valueName":"search_term_string"}}],"inLanguage":"ru-RU"}]}},"_links":{"self":[{"href":"https:\/\/behindseams.lv\/ru\/wp-json\/wp\/v2\/pages\/936","targetHints":{"allow":["GET"]}}],"collection":[{"href":"https:\/\/behindseams.lv\/ru\/wp-json\/wp\/v2\/pages"}],"about":[{"href":"https:\/\/behindseams.lv\/ru\/wp-json\/wp\/v2\/types\/page"}],"author":[{"embeddable":true,"href":"https:\/\/behindseams.lv\/ru\/wp-json\/wp\/v2\/users\/2"}],"replies":[{"embeddable":true,"href":"https:\/\/behindseams.lv\/ru\/wp-json\/wp\/v2\/comments?post=936"}],"version-history":[{"count":0,"href":"https:\/\/behindseams.lv\/ru\/wp-json\/wp\/v2\/pages\/936\/revisions"}],"wp:attachment":[{"href":"https:\/\/behindseams.lv\/ru\/wp-json\/wp\/v2\/media?parent=936"}],"curies":[{"name":"wp","href":"https:\/\/api.w.org\/{rel}","templated":true}]}}