{"id":464,"date":"2025-09-09T13:48:23","date_gmt":"2025-09-09T10:48:23","guid":{"rendered":"https:\/\/behind-seams.cube.lv\/?page_id=464"},"modified":"2025-11-11T15:12:14","modified_gmt":"2025-11-11T13:12:14","slug":"par-projektu","status":"publish","type":"page","link":"https:\/\/behindseams.lv\/lv\/par-projektu\/","title":{"rendered":"Par projektu"},"content":{"rendered":"<section id=\"written-content-block_fe28a7c353e6e6193ef9af8531f3c0d8\" class=\"block written-content\">\n    <div class=\"container\">\n        <div class=\"row\">\n            <div class=\"col-12\">\n                <p class=\"p1\"><span class=\"s1\"><\/p>\n<p><\/span><span class=\"s2\"><b>M\u016bsu misija<\/b> ir iepaz\u012bstin\u0101t viesus ar pils\u0113tas kult\u016brv\u0113sturisko mantojumu, t\u0101s unik\u0101lo arhitekt\u016bru un atmosf\u0113ru,<br \/>\nk\u0101 ar\u012b par\u0101d\u012bt R\u012bgu k\u0101 autentisku un m\u016bsdien\u012bgu modes un dizaina pils\u0113tu.<br \/>\n<\/span><\/p>\n            <\/div>\n        <\/div>\n    <\/div>\n<\/section>\n","protected":false},"excerpt":{"rendered":"","protected":false},"author":2,"featured_media":0,"parent":0,"menu_order":0,"comment_status":"closed","ping_status":"closed","template":"templates\/template-simple-page.php","meta":{"_acf_changed":false,"footnotes":""},"class_list":["post-464","page","type-page","status-publish","hentry"],"acf":[],"yoast_head":"<!-- This site is optimized with the Yoast SEO plugin v25.1 - https:\/\/yoast.com\/wordpress\/plugins\/seo\/ -->\n<title>Par projektu - Behind Seams<\/title>\n<meta name=\"robots\" content=\"noindex, follow, max-snippet:-1, max-image-preview:large, max-video-preview:-1\" \/>\n<meta property=\"og:locale\" content=\"lv_LV\" \/>\n<meta property=\"og:type\" content=\"article\" \/>\n<meta property=\"og:title\" content=\"Par projektu - Behind Seams\" \/>\n<meta property=\"og:url\" content=\"https:\/\/behindseams.lv\/lv\/par-projektu\/\" \/>\n<meta property=\"og:site_name\" content=\"Behind Seams\" \/>\n<meta property=\"article:modified_time\" content=\"2025-11-11T13:12:14+00:00\" \/>\n<meta name=\"twitter:card\" content=\"summary_large_image\" \/>\n<script type=\"application\/ld+json\" class=\"yoast-schema-graph\">{\"@context\":\"https:\/\/schema.org\",\"@graph\":[{\"@type\":\"WebPage\",\"@id\":\"https:\/\/behindseams.lv\/lv\/par-projektu\/\",\"url\":\"https:\/\/behindseams.lv\/lv\/par-projektu\/\",\"name\":\"Par projektu - Behind Seams\",\"isPartOf\":{\"@id\":\"https:\/\/behindseams.lv\/lv\/#website\"},\"datePublished\":\"2025-09-09T10:48:23+00:00\",\"dateModified\":\"2025-11-11T13:12:14+00:00\",\"breadcrumb\":{\"@id\":\"https:\/\/behindseams.lv\/lv\/par-projektu\/#breadcrumb\"},\"inLanguage\":\"lv-LV\",\"potentialAction\":[{\"@type\":\"ReadAction\",\"target\":[\"https:\/\/behindseams.lv\/lv\/par-projektu\/\"]}]},{\"@type\":\"BreadcrumbList\",\"@id\":\"https:\/\/behindseams.lv\/lv\/par-projektu\/#breadcrumb\",\"itemListElement\":[{\"@type\":\"ListItem\",\"position\":1,\"name\":\"Home\",\"item\":\"https:\/\/behindseams.lv\/lv\/\"},{\"@type\":\"ListItem\",\"position\":2,\"name\":\"Par projektu\"}]},{\"@type\":\"WebSite\",\"@id\":\"https:\/\/behindseams.lv\/lv\/#website\",\"url\":\"https:\/\/behindseams.lv\/lv\/\",\"name\":\"Behind Seams\",\"description\":\"\",\"potentialAction\":[{\"@type\":\"SearchAction\",\"target\":{\"@type\":\"EntryPoint\",\"urlTemplate\":\"https:\/\/behindseams.lv\/lv\/?s={search_term_string}\"},\"query-input\":{\"@type\":\"PropertyValueSpecification\",\"valueRequired\":true,\"valueName\":\"search_term_string\"}}],\"inLanguage\":\"lv-LV\"}]}<\/script>\n<!-- \/ Yoast SEO plugin. -->","yoast_head_json":{"title":"Par projektu - Behind Seams","robots":{"index":"noindex","follow":"follow","max-snippet":"max-snippet:-1","max-image-preview":"max-image-preview:large","max-video-preview":"max-video-preview:-1"},"og_locale":"lv_LV","og_type":"article","og_title":"Par projektu - Behind Seams","og_url":"https:\/\/behindseams.lv\/lv\/par-projektu\/","og_site_name":"Behind Seams","article_modified_time":"2025-11-11T13:12:14+00:00","twitter_card":"summary_large_image","schema":{"@context":"https:\/\/schema.org","@graph":[{"@type":"WebPage","@id":"https:\/\/behindseams.lv\/lv\/par-projektu\/","url":"https:\/\/behindseams.lv\/lv\/par-projektu\/","name":"Par projektu - Behind Seams","isPartOf":{"@id":"https:\/\/behindseams.lv\/lv\/#website"},"datePublished":"2025-09-09T10:48:23+00:00","dateModified":"2025-11-11T13:12:14+00:00","breadcrumb":{"@id":"https:\/\/behindseams.lv\/lv\/par-projektu\/#breadcrumb"},"inLanguage":"lv-LV","potentialAction":[{"@type":"ReadAction","target":["https:\/\/behindseams.lv\/lv\/par-projektu\/"]}]},{"@type":"BreadcrumbList","@id":"https:\/\/behindseams.lv\/lv\/par-projektu\/#breadcrumb","itemListElement":[{"@type":"ListItem","position":1,"name":"Home","item":"https:\/\/behindseams.lv\/lv\/"},{"@type":"ListItem","position":2,"name":"Par projektu"}]},{"@type":"WebSite","@id":"https:\/\/behindseams.lv\/lv\/#website","url":"https:\/\/behindseams.lv\/lv\/","name":"Behind Seams","description":"","potentialAction":[{"@type":"SearchAction","target":{"@type":"EntryPoint","urlTemplate":"https:\/\/behindseams.lv\/lv\/?s={search_term_string}"},"query-input":{"@type":"PropertyValueSpecification","valueRequired":true,"valueName":"search_term_string"}}],"inLanguage":"lv-LV"}]}},"_links":{"self":[{"href":"https:\/\/behindseams.lv\/lv\/wp-json\/wp\/v2\/pages\/464","targetHints":{"allow":["GET"]}}],"collection":[{"href":"https:\/\/behindseams.lv\/lv\/wp-json\/wp\/v2\/pages"}],"about":[{"href":"https:\/\/behindseams.lv\/lv\/wp-json\/wp\/v2\/types\/page"}],"author":[{"embeddable":true,"href":"https:\/\/behindseams.lv\/lv\/wp-json\/wp\/v2\/users\/2"}],"replies":[{"embeddable":true,"href":"https:\/\/behindseams.lv\/lv\/wp-json\/wp\/v2\/comments?post=464"}],"version-history":[{"count":6,"href":"https:\/\/behindseams.lv\/lv\/wp-json\/wp\/v2\/pages\/464\/revisions"}],"predecessor-version":[{"id":748,"href":"https:\/\/behindseams.lv\/lv\/wp-json\/wp\/v2\/pages\/464\/revisions\/748"}],"wp:attachment":[{"href":"https:\/\/behindseams.lv\/lv\/wp-json\/wp\/v2\/media?parent=464"}],"curies":[{"name":"wp","href":"https:\/\/api.w.org\/{rel}","templated":true}]}}